{"id":701,"date":"2012-11-18T02:00:13","date_gmt":"2012-11-18T00:00:13","guid":{"rendered":"http:\/\/www.shukko.com\/x3\/?page_id=701"},"modified":"2012-11-18T02:00:13","modified_gmt":"2012-11-18T00:00:13","slug":"kedi-sozlugu","status":"publish","type":"page","link":"https:\/\/www.shukko.com\/x3\/kedi-sozlugu\/","title":{"rendered":"Kedi sozlugu"},"content":{"rendered":"<p>*** *** KEDI SOZLUGU *** ***<\/p>\n<p>Kediler de t\u00fcm canl\u0131lar gibi konu\u015furlar. Onlar her ne kadar kendi d\u00fcnyalar\u0131nda di\u011fer canl\u0131lara kar\u015f\u0131 ilgisiz ve mesafeli gibi g\u00f6r\u00fcnseler de, siz dinlemeyi bilirseniz size \u00e7ok \u015fey s\u00f6ylerler. \u00d6nemli olan kedinizin verdi\u011fi mesajlar\u0131 do\u011fru anlaman\u0131z ve beklenileni yapman\u0131zd\u0131r. \u0130\u015fte size baz\u0131 ipu\u00e7lar\u0131:<\/p>\n<p>Konu\u015fma \u0130pu\u00e7lar\u0131:<br \/>\nH\u0131r\u0131ldama, g\u0131r\u0131ldama, m\u0131r\u0131ldama kedilerin g\u00fcndelik olarak kulland\u0131klar\u0131 ifadelerdir. M\u0131r\u0131ldamak, onlar\u0131n sosyalle\u015fme alan\u0131ndaki repertuarlar\u0131n\u0131n en \u00f6nemli par\u00e7as\u0131d\u0131r. Kedinizle iyi anla\u015fabilmek ve mutlu ya\u015fayabilmek i\u00e7in onun ne demek istedi\u011fini anlaman\u0131z \u00e7ok \u00f6nemlidir.<br \/>\nGenel olarak, kediler mutlu olduklar\u0131nda m\u0131r\u0131ldarlar. Bu m\u0131r\u0131ldanman\u0131n tabi ki bir\u00e7ok \u00e7e\u015fidi vard\u0131r. Mutluluk oldu\u011fu gibi \u015fikayet anlam\u0131na da gelebilir.<br \/>\nKediniz e\u011fer g\u00f6zlerinizin i\u00e7ine bakarak miyavl\u0131yorsa, sizden bir \u015fey yapman\u0131z\u0131 bekliyordur. Su kab\u0131 bo\u015falm\u0131\u015f, kum kutusu pislenmi\u015f, yemek saati ge\u00e7mi\u015f olabilir veya d\u0131\u015far\u0131 \u00e7\u0131kmak, oynamak istiyor olabilir. Bu gibi durumlarda istediklerini yapt\u0131rana kadar \u00f6yle ac\u0131kl\u0131 bak\u0131yorlar ki, neye ihtiya\u00e7lar\u0131 oldu\u011funu siz de k\u0131sa s\u00fcrede buluyorsunuz.<br \/>\nKorku an\u0131nda, \u00f6rne\u011fin veteriner ziyaretlerinde, m\u0131r\u0131ldanma uzun ve dalgal\u0131 bir miyavlamaya d\u00f6n\u00fc\u015f\u00fcr.<br \/>\nKu\u015f ve benzeri potansiyel avlar kar\u015f\u0131s\u0131nda miyavlamalar kekelemeye d\u00f6n\u00fc\u015f\u00fcr ve bazen \u00e7eneleri kitlenir.<\/p>\n<p>Kulak \u0130pu\u00e7lar\u0131:<br \/>\nKulaklar, genelde dik ve radar gibi en ufak t\u0131k\u0131rt\u0131ya haz\u0131r tetiktedir. Kedi, potansiyel bir av hissederse, v\u00fccut da kulaklar gibi gerginle\u015fir ve her an sald\u0131r\u0131ya haz\u0131r hale gelir.<br \/>\nKendini rahat hisseden kedinin kulaklar\u0131 her zaman t\u00fcm seslere kar\u015f\u0131 duyarl\u0131d\u0131r ve hareket halindedir. Kulaklar\u0131 y\u00fcz\u00fcn\u00fcn gerisine do\u011fru yat\u0131k durumdaysa, bu korku ya da kavga belirtisidir. Kavga s\u0131ras\u0131nda da yara almamak i\u00e7in kulaklar\u0131n\u0131 a\u015fa\u011f\u0131 yat\u0131r\u0131rlar.<br \/>\nArkaya yatm\u0131\u015f kulak, kedinizin emin olmad\u0131\u011f\u0131 bir duruma teredd\u00fctle yakla\u015fmas\u0131 anlam\u0131ndad\u0131r. E\u011fer bu pozisyona v\u00fccudunu yere yakla\u015ft\u0131rarak y\u00fcr\u00fcmesi eklenirse, ki bu ender olur, kediniz yapt\u0131\u011f\u0131 bir \u015feyden dolay\u0131 utan\u0131yordur.<br \/>\nKafas\u0131n\u0131 iyice yere yakla\u015ft\u0131r\u0131yorsa, s\u0131k\u0131lm\u0131\u015ft\u0131r. Bezmi\u015ftir. En iyisi uyumak diye d\u00fc\u015f\u00fcn\u00fcr. Ama bu durum sizi aldatmas\u0131n. Potansiyel bir av hissederse ya da oyun oynamak isterse, birden ayaklan\u0131r ve depar atmaya ba\u015flar.<\/p>\n<p>G\u00f6z \u0130pu\u00e7lar\u0131:<br \/>\nKediniz, tek noktaya odaklanm\u0131\u015fsa, siz de o noktaya odaklanmaya cal\u0131\u015f\u0131n. Zaten g\u00f6rece\u011finiz b\u00fcy\u00fck ihtimalle, yak\u0131na konmu\u015f bir ku\u015f, aheste aheste y\u00fcr\u00fcmekte olan canl\u0131 bir yemek ya da yeni bir avd\u0131r. Bu gibi konsantre olmu\u015f durumlarda kedinizi hi\u00e7 rahats\u0131z etmeden ordan uzakla\u015f\u0131n.<br \/>\nKediniz g\u00f6zlerini hafif k\u0131sm\u0131\u015fsa, bunun iki anlam\u0131 olabilir; uykusu gelmi\u015ftir ve tatl\u0131 tatl\u0131 gev\u015femeye ba\u015flam\u0131\u015ft\u0131r, ya da anlayamad\u0131\u011f\u0131 bir \u015feyler oluyordur. So\u011fukkanl\u0131 bir \u015fekilde oturmu\u015f g\u00f6zda\u011f\u0131 verir gibi bakmaya ba\u015flad\u0131ysa \u015fimdiden bar\u0131\u015fma yollar\u0131n\u0131 aray\u0131n.<br \/>\nA\u00e7\u0131lm\u0131\u015f g\u00f6zler ve b\u00fcy\u00fcm\u00fc\u015f g\u00f6zbebekleri, korkunun belirtisidir.<\/p>\n<p>Kuyruk \u0130pu\u00e7lar\u0131:<br \/>\nKuyruk, kedinin v\u00fccudunun a\u011f\u0131rl\u0131k merkezini y\u00f6nlendirdi\u011fi en \u00f6nemli denge unsurudur. Balkon demirlerinde, pencere pervazlar\u0131nda, y\u00fcre\u011fimizi hoplatarak canbazl\u0131k yapmalar\u0131, kuyruklar\u0131n\u0131n sa\u011flad\u0131\u011f\u0131 denge sayesindedir. Kedi, pozisyonundaki de\u011fi\u015fimlere kar\u015f\u0131 a\u015f\u0131r\u0131 duyarl\u0131d\u0131r ve atlarken, d\u00fc\u015ferken, ko\u015farken, s\u0131\u00e7rarken dengesini kuyru\u011fuyla sa\u011flar. Kuyruk, sadece denge i\u00e7in de\u011fil, di\u011fer canl\u0131larla ileti\u015fim kurmak i\u00e7in de \u00f6nemli bir organd\u0131r.<br \/>\nDaha \u00f6nce Kedigen&#8217;de yer alan kuyruk s\u00f6zl\u00fc\u011f\u00fcn\u00fc \u015fimdi biraz geni\u015fletiyoruz:<\/p>\n<p>Genel olarak havaya kalkm\u0131\u015f kuyruk mutluluk i\u015faretidir. Parolam\u0131z: &#8220;Kuyruk ne kadar yukar\u0131da, kedi o kadar mutlu.&#8221; Ancak, kuyruk detaylar\u0131n\u0131 g\u00f6zard\u0131 ederseniz kedinizle ileti\u015fiminiz de o \u00f6l\u00e7\u00fcde zorla\u015f\u0131r.<\/p>\n<p>Kediniz, uzanm\u0131\u015f ya da otururken, kuyru\u011funun ucunu sakin sakin sallay\u0131p k\u0131v\u0131r\u0131yorsa, korkacak bir \u015fey yok demektir. Kediler mutlu ve uyku \u00f6ncesi kendinden ge\u00e7me s\u0131ras\u0131nda b\u00f6yle rahat olurlar. Siz bu kuyruk sinyalini, onu en iyi sevme zaman\u0131 olarak alg\u0131lay\u0131n. Ama sert hareketlerle ok\u015farsan\u0131z, ayn\u0131 \u015fiddette kar\u015f\u0131l\u0131k almaya haz\u0131r olun.<\/p>\n<p>Geni\u015f kavislerle sanki bir melodiye uyarm\u0131\u015f gibi sallanan kuyruk, ho\u015flanma belirtisidir. \u0130lk kar\u015f\u0131la\u015fma zaman\u0131nda b\u00f6yle davetkar bir tepki al\u0131rsan\u0131z, \u015fansl\u0131s\u0131n\u0131z, siz de patinizi uzat\u0131n.<\/p>\n<p>Yere dik a\u00e7\u0131 yapan ve her daim yukar\u0131ya do\u011fru nazl\u0131 nazl\u0131 sallanan kuyruk, karn\u0131 guruldayan ve yemek saatini iple \u00e7eken a\u00e7 bir kedi demektir. Fazla bekletmeden gere\u011finin yap\u0131lmas\u0131 gerekir.<\/p>\n<p>Sallanan bir kuyruk her zaman mutluluk belirtisi olmayabilir. Kuyruk i\u015faretlerini ciddiye alman\u0131z gereken durumlardan biri de, kedinizin kuyru\u011funu a\u00e7\u0131k\u00e7a tehdit ol\u015fturacak \u015fekilde sinirli sallamas\u0131d\u0131r. Kedinizin sinirli oldu\u011funu hissediyorsan\u0131z, onu derhal rahat b\u0131rak\u0131n, zaten size y\u00fcz vermeyecektir.<\/p>\n<p>Bir de yel de\u011firmenleriyle sava\u015fta h\u00fccum borusu \u00e7alan soru i\u015fareti \u015feklinde bir kuyruk ifadesi vard\u0131r ki onu sizin tecr\u00fcbelerinize b\u0131rak\u0131yorum..<\/p>\n<p>Ani bir heyecan ve ard\u0131ndan gelen korku durumlar\u0131nda, genelde kuyruk ve s\u0131rt t\u00fcyleri, kendini oldu\u011fundan daha korkutucu ve b\u00fcy\u00fck g\u00f6stermek i\u00e7in olabildi\u011fince kabart\u0131l\u0131r. Bu s\u0131rada kedinizi yat\u0131\u015ft\u0131rmak i\u00e7in elinizi uzat\u0131ran\u0131z, t\u0131rm\u0131k bile yiyebilirsiniz. Hele s\u0131rt\u0131n\u0131 kamburla\u015fm\u0131\u015f ve kabarm\u0131\u015fsa, onu derhal kendi haline b\u0131rak\u0131n.<\/p>\n<p>Bacak \u0130pu\u00e7lar\u0131:<br \/>\nBacak ipu\u00e7lar\u0131n\u0131 de\u011ferlendirmek kuyruk hareketlerine oranla daha kolayd\u0131r \u00e7\u00fcnk\u00fc bacaklar\u0131n gergin oldu\u011fu say\u0131l\u0131 durumlar vard\u0131r. Kediniz oturdu\u011fu yerde bacaklar\u0131n\u0131 yukar\u0131 do\u011fru geriyorsa, bu hem uyku \u00f6ncesi temizlik hem de kendinden emin oldu\u011funu g\u00f6steren bir i\u015farettir. Y\u00fcr\u00fcmeye ba\u015flarken arka bacaklar\u0131n\u0131 germesi de, evin i\u00e7inde \u00f6\u011flen \u015fekerlemesi i\u00e7in se\u00e7ti\u011fi \u00f6zel alana gitmeden \u00f6nce yapt\u0131\u011f\u0131 rutin bir uykuya haz\u0131rl\u0131k hareketidir.<\/p>\n<p>S\u00fcrt\u00fcnme \u0130pu\u00e7lar\u0131:<br \/>\nKediler, kendilerine uygun zamanlar\u0131, insanlar\u0131n kendilerini sevmeleri i\u00e7in tayin ederler. Bu zaman\u0131n geldi\u011fini g\u00f6stermenin en iyi yolu s\u00fcrt\u00fcnmedir. Size, ya da daha basit\u00e7e bacaklar\u0131n\u0131za s\u00fcrt\u00fcn\u00fcrse, bu sizi kabul etti\u011fini ve ilerleyen zamanlarda kendisine dokunman\u0131za izin verece\u011fi anlam\u0131na gelir.<\/p>\n<p>Burnu ya da aln\u0131yla size s\u00fcr\u00fcn\u00fcyorsa, rahatlayabilirsiniz; bu saf sevgi i\u015faretidir. Hele oyun oynarken s\u0131rt\u00fcst\u00fc yere yat\u0131p size g\u00f6be\u011fini a\u00e7\u0131yorsa, \u00e7ok yol katetmi\u015fsiniz demektir. Kediler ancak kendilerini g\u00fcvende hissederlerse kendilerini b\u00f6yle savunmas\u0131z teslim ederler. Yine de m\u0131nc\u0131klaman\u0131n dozunu ka\u00e7\u0131rmamal\u0131s\u0131n\u0131z.<\/p>\n<p>Buradaki hassas nokta, s\u00fcrt\u00fcnmenin t\u00fcm v\u00fccutla yap\u0131l\u0131p yap\u0131lmad\u0131\u011f\u0131d\u0131r. E\u011fer t\u00fcm v\u00fccuduyla size sanki a\u011f\u0131rl\u0131\u011f\u0131n\u0131 g\u00f6stermek ister gibi s\u00fcrt\u00fcn\u00fcyorsa &#8220;Buras\u0131 benim alan\u0131m, aya\u011f\u0131n\u0131 denk al&#8221; demektir.<\/p>\n<p>Genel Pozisyonlar:<br \/>\nMutluluk Tablosu: Kulaklar normal diklikte, direk g\u00f6z temas\u0131nda bulunuyor, kuyruk rahat\u00e7a yukar\u0131 do\u011fru sallan\u0131yor, kar\u0131n ve g\u0131rtlaktan m\u0131r\u0131lt\u0131lar y\u00fckseliyorsa, de\u011fmeyin keyfine..<br \/>\nSald\u0131r\u0131 Belirtileri: G\u00f6zbebekleri k\u00fc\u00e7\u00fclm\u00fc\u015f, kulaklar arkaya yatm\u0131\u015f, kuyruk ileri geri h\u0131zla oynuyorsa rahats\u0131zl\u0131k ba\u015flam\u0131\u015ft\u0131r.<br \/>\nKorku Belirtileri: G\u00f6zler kocaman a\u00e7\u0131lm\u0131\u015f, g\u00f6zbebekleri b\u00fcy\u00fcm\u00fc\u015f, kulaklar arkaya yatm\u0131\u015f, kuyruktaki t\u00fcyler dikle\u015fmi\u015f ise, kediniz korkuyor, onunla konu\u015fmaya ve onu sevgiyle ok\u015famaya \u00e7al\u0131\u015f\u0131n.<br \/>\nAlan savunma: Kulaklar radar gibi a\u00e7\u0131k, kuyruk yere paralel d\u00fcz, patiler yere daha sa\u011flam bas\u0131yorsa olas\u0131 bir rakibe haddini bildirmek ve kendi alan\u0131n\u0131 korumaya \u00e7al\u0131\u015f\u0131yordur.<br \/>\nHareket Belirtileri: Kuyruk d\u00fcz ve gergin, t\u00fcyler her an kabaracakm\u0131\u015f gibi hafif havada, kulaklar arkaya yatm\u0131\u015f, g\u00f6zbebekleri odaklanm\u0131\u015f ve v\u00fccudunun a\u011f\u0131rl\u0131\u011f\u0131n\u0131 bacaklar\u0131n\u0131n \u00fczerine vermi\u015fse, kediniz her an ok gibi f\u0131rlayabilir. Menzilde durmay\u0131n.<\/p>\n<p>\u00d6zetleyecek olursak:<\/p>\n<p>M\u0131r\u0131ldanma S\u00f6zl\u00fc\u011f\u00fc<\/p>\n<p>Mrooww<\/p>\n<p>Seni Seviyorum<\/p>\n<p>Miioo-oo-oo<\/p>\n<p>A\u015f\u0131\u011f\u0131m be a\u015f\u0131k, a\u00e7 \u015fu kap\u0131y\u0131 da d\u0131\u015far\u0131 \u00e7\u0131kal\u0131m!<\/p>\n<p>Mrow<\/p>\n<p>Bir yerden sesler geliyor&#8230;<\/p>\n<p>Miaowbu<\/p>\n<p>Beni beslemeyi yine unuttun!<\/p>\n<p>rroww-m\u0131rrr<\/p>\n<p>L\u00fctfen, \u015fu tuvalet kab\u0131m\u0131 temizle art\u0131k, alt\u0131ma yap\u0131cam yoksa, tutam\u0131yorum<\/p>\n<p>miaowmiaow<\/p>\n<p>Hadi oyun oynayal\u0131m yaa<\/p>\n<p>Mmioomiaww<\/p>\n<p>Burda ne kadar az oyuncak var fark\u0131nda m\u0131s\u0131n, bir de o elindekini sall\u0131yorsun bana<\/p>\n<p>Mmewwwew<\/p>\n<p>Eve biri girdi galiba. Gidip bakmak istersen, ben yata\u011f\u0131n s\u0131cakl\u0131\u011f\u0131n\u0131 senin i\u00e7in korurum.<\/p>\n<p>raoowww<\/p>\n<p>hmm, oynayacak dahi iyi bir\u015fey olmad\u0131\u011f\u0131na\u00a0 g\u00f6re ben de \u015fu koltukta t\u0131rnaklar\u0131m\u0131 bileyeyim bari.<\/p>\n<p>mrowwwwww<\/p>\n<p>\u015eimdi hat\u0131rlad\u0131m, o doktor ziyaretinden sonra v\u00fccudumun baz\u0131 par\u00e7alar\u0131 orada kald\u0131.<\/p>\n<p>Rowwaraww<\/p>\n<p>Ah can\u0131m, et mi getirdin. Sana mutfa\u011fa kadar e\u015flik edeyim..<\/p>\n<p>guuurrrrrrrrrrr<\/p>\n<p>Miskin miskin g\u00fcne\u015flenmenin tad\u0131na da doyulmuyor<\/p>\n<p>Me-e-ekk-ekk<\/p>\n<p>bu b\u00f6cegi yakaladim mi, \u00f6\u011fle yeme\u011fimize bir \u00e7e\u015fit katm\u0131\u015f olaca\u011f\u0131z.<\/p>\n<p>Mraakkkk!<\/p>\n<p>Ah be, bir ku\u015f be, \u015fimdi yakalad\u0131m seni<\/p>\n<p>Kulak S\u00f6zl\u00fc\u011f\u00fc<\/p>\n<p>Havaya dikilmi\u015f:<\/p>\n<p>Her an her\u015fey olabilir, alarm durumu<\/p>\n<p>\u0130ki yana do\u011fru a\u00e7\u0131k:<\/p>\n<p>Neler oluyor?<\/p>\n<p>A\u015fa\u011f\u0131 do\u011fru inikse:<\/p>\n<p>Savunma pozisyonuna ge\u00e7.<\/p>\n<p>Geride ve arkadaysa:<\/p>\n<p>Sinir ettin beni sonunda.<\/p>\n<p>G\u00f6z S\u00f6zl\u00fc\u011f\u00fc<\/p>\n<p>Kocaman a\u00e7\u0131lm\u0131\u015f g\u00f6z:<\/p>\n<p>Evet, dinliyoruz i\u015fte..<\/p>\n<p>Yar\u0131 a\u00e7\u0131k g\u00f6z:<\/p>\n<p>Birazdan tatl\u0131 r\u00fcyalara dalaca\u011f\u0131m<\/p>\n<p>Tamamen kapal\u0131:<\/p>\n<p>Belli olmuyor mu uyudu\u011fum?<\/p>\n<p>Sisli g\u00f6zler:<\/p>\n<p>Hastaland\u0131\u011f\u0131m\u0131 anlaman i\u00e7in daha ne hale d\u00fc\u015fmem gerekiyor?<\/p>\n<p>Rahat bakan g\u00f6z:<\/p>\n<p>Tam olarak benim gibi olmasan da seni seviyorum.<\/p>\n<p>Dil S\u00f6zl\u00fc\u011f\u00fc<\/p>\n<p>H\u0131zla\/S\u00fcrekli yalanma:<\/p>\n<p>offf \u00e7ok s\u0131kt\u0131n ama&#8230;<\/p>\n<p>K\u0131sa ve kesik yalanma:<\/p>\n<p>\u0130dare ediyoruz i\u015fte ama bu kadar&#8230;<\/p>\n<p>Devaml\u0131 ve a\u011f\u0131r yalanma:<\/p>\n<p>Can\u0131m s\u0131k\u0131ld\u0131, bir\u015feyler yapsak.<\/p>\n<p>Sizi yal\u0131yorsa:<\/p>\n<p>Bu an\u0131n keyfini \u00e7\u0131kar\u0131n<\/p>\n<p>Pati S\u00f6zl\u00fc\u011f\u00fc<\/p>\n<p>Yo\u011furan pati:<\/p>\n<p>Annemin yan\u0131nda oldu\u011fum kadar mutluyum<\/p>\n<p>Havada u\u00e7u\u015fan pati:<\/p>\n<p>Kavga zaman\u0131<\/p>\n<p>Kapanm\u0131\u015f pati:<\/p>\n<p>Biraz acele et, \u00e7ok yava\u015fs\u0131n, s\u0131k\u0131ld\u0131m.<\/p>\n<p>Pati atmak:<\/p>\n<p>(Yumu\u015faksa): Seni seviyorum.\u00a0\u00a0 (Sertse): Kavga geliyor.<\/p>\n<p>Kuyruk S\u00f6zl\u00fc\u011f\u00fc<\/p>\n<p>Yana sallanan\u00a0 enerjik kuyruk<\/p>\n<p>Senden ho\u015fland\u0131m, beni sevebilirsin<\/p>\n<p>Ucu hafif\u00e7e oynayan:<\/p>\n<p>Bak bu \u00e7ok ilgin\u00e7, anlat anlat..<\/p>\n<p>G\u00f6vdeyle dik a\u00e7\u0131 yapan kuyruk<\/p>\n<p>Selam, seni g\u00f6rd\u00fc\u011f\u00fcme sevindim<\/p>\n<p>Sinirli bir \u015fekilde ucu k\u0131sa sal\u0131n\u0131mlar yapan kuyruk<\/p>\n<p>Bak! giderek k\u0131zmaya ba\u015fl\u0131yorumm<\/p>\n<p>Havaya kalk\u0131k\/t\u00fcyleri kabarm\u0131\u015f<\/p>\n<p>Benim alan\u0131ma girdin!<\/p>\n<p>Bacaklar aras\u0131nda s\u0131k\u0131\u015fm\u0131\u015f veya sark\u0131k duran kuyruk<\/p>\n<p>Korkuyorum, ne olmu\u015f yani<\/p>\n<p>Kamburla\u015fm\u0131\u015f s\u0131rt, kabarm\u0131\u015f t\u00fcyler ve gerilmi\u015f bacaklar<\/p>\n<p>Bir ad\u0131m daha atarsan \u00fcst\u00fcne atlar\u0131m!<\/p>\n<p>Yar\u0131 inik kuyruk<\/p>\n<p>\u0130dare eder, daha iyi olabilirdi.<\/p>\n<p>\u0130nik kuyruk<\/p>\n<p>Mutlu de\u011filim ben ve sen hi\u00e7 bie\u015fey yapm\u0131yorsun.<\/p>\n<p>T\u00fcm kuyruk ileri geri h\u0131zla sallan\u0131yorsa<\/p>\n<p>Sak\u0131n bula\u015fma bana, yeterince gerginim zaten<\/p>\n<p>S\u0131rt \u00fcst\u00fc yere yat\u0131p yuvarlanma ve karn\u0131n\u0131 a\u00e7ma<\/p>\n<p>Bak, karn\u0131m\u0131 da a\u00e7\u0131yorum sana, g\u00fcvenimi bo\u015fa \u00e7\u0131karma<\/p>\n","protected":false},"excerpt":{"rendered":"<p>*** *** KEDI SOZLUGU *** *** Kediler de t\u00fcm canl\u0131lar gibi konu\u015furlar. Onlar her ne kadar kendi d\u00fcnyalar\u0131nda di\u011fer canl\u0131lara kar\u015f\u0131 ilgisiz ve mesafeli gibi g\u00f6r\u00fcnseler de, siz dinlemeyi bilirseniz size \u00e7ok \u015fey s\u00f6ylerler. \u00d6nemli olan kedinizin verdi\u011fi mesajlar\u0131 do\u011fru anlaman\u0131z ve beklenileni yapman\u0131zd\u0131r. \u0130\u015fte size baz\u0131 ipu\u00e7lar\u0131: Konu\u015fma \u0130pu\u00e7lar\u0131: H\u0131r\u0131ldama, g\u0131r\u0131ldama, m\u0131r\u0131ldama kedilerin g\u00fcndelik [&hellip;]<\/p>\n","protected":false},"author":1,"featured_media":0,"parent":0,"menu_order":0,"comment_status":"closed","ping_status":"closed","template":"","meta":{"footnotes":""},"class_list":["post-701","page","type-page","status-publish","hentry"],"_links":{"self":[{"href":"https:\/\/www.shukko.com\/x3\/wp-json\/wp\/v2\/pages\/701","targetHints":{"allow":["GET"]}}],"collection":[{"href":"https:\/\/www.shukko.com\/x3\/wp-json\/wp\/v2\/pages"}],"about":[{"href":"https:\/\/www.shukko.com\/x3\/wp-json\/wp\/v2\/types\/page"}],"author":[{"embeddable":true,"href":"https:\/\/www.shukko.com\/x3\/wp-json\/wp\/v2\/users\/1"}],"replies":[{"embeddable":true,"href":"https:\/\/www.shukko.com\/x3\/wp-json\/wp\/v2\/comments?post=701"}],"version-history":[{"count":1,"href":"https:\/\/www.shukko.com\/x3\/wp-json\/wp\/v2\/pages\/701\/revisions"}],"predecessor-version":[{"id":702,"href":"https:\/\/www.shukko.com\/x3\/wp-json\/wp\/v2\/pages\/701\/revisions\/702"}],"wp:attachment":[{"href":"https:\/\/www.shukko.com\/x3\/wp-json\/wp\/v2\/media?parent=701"}],"curies":[{"name":"wp","href":"https:\/\/api.w.org\/{rel}","templated":true}]}}