{"id":2,"date":"2007-01-11T23:30:45","date_gmt":"2007-01-11T21:30:45","guid":{"rendered":""},"modified":"2014-08-09T17:48:01","modified_gmt":"2014-08-09T15:48:01","slug":"hakkinda","status":"publish","type":"page","link":"https:\/\/www.shukko.com\/x3\/hakkinda\/","title":{"rendered":"Kimim Ben?"},"content":{"rendered":"<p>sHuKKo Kazandibi benim sanal ki\u015fili\u011fim. Ger\u00e7ek bir ad\u0131m, ger\u00e7ek bir i\u015fim, ger\u00e7ek bir ya\u015fant\u0131mda var.. Ama &#8220;sanal alem&#8221; de ben buyum.. 1997 den beri \u00f6nce okuyup, sorup, \u00f6\u011frenip, ara\u015ft\u0131r\u0131p sonra yazar \u00e7izerim. shukko.com benim ki\u015fisel sitem. Hi\u00e7 kimse i\u00e7in haz\u0131rlanmam\u0131\u015f sadece kendimin okuyup anlayaca\u011f\u0131 ama &#8220;baz\u0131&#8221; k\u0131s\u0131mlar\u0131 herkes\u00e7e okunabilen ki\u015fisel karalama defterim, &#8220;Blog&#8221; tabiri \u00e7\u0131kmadan \u00e7ok \u00e7ok \u00f6nce d\u00fcz .txt .html dosyalar\u0131 ile yapt\u0131klar\u0131m\u0131 tarih i\u00e7inde pek \u00e7ok kez kaybetmi\u015f olmam\u0131n tan\u0131\u011f\u0131 :D.<\/p>\n<p>Benimle h\u0131zl\u0131 bir \u015fekilde ileti\u015fim kurmak i\u00e7in a\u015fa\u011f\u0131daki form i\u015fe yarayacakt\u0131r&#8230;<\/p>\n<p><!--contact form--><\/p>\n<p>form uzerinden ivir zivir gereksiz mesaj geliyordu, kapadim gitti.<\/p>\n<p>bana ulasmak icin mail gonderebilirsiniz<\/p>\n<p>shukko AT shukko.com<\/p>\n<p>sevgiler.<\/p>\n","protected":false},"excerpt":{"rendered":"<p>sHuKKo Kazandibi benim sanal ki\u015fili\u011fim. Ger\u00e7ek bir ad\u0131m, ger\u00e7ek bir i\u015fim, ger\u00e7ek bir ya\u015fant\u0131mda var.. Ama &#8220;sanal alem&#8221; de ben buyum.. 1997 den beri \u00f6nce okuyup, sorup, \u00f6\u011frenip, ara\u015ft\u0131r\u0131p sonra yazar \u00e7izerim. shukko.com benim ki\u015fisel sitem. Hi\u00e7 kimse i\u00e7in haz\u0131rlanmam\u0131\u015f sadece kendimin okuyup anlayaca\u011f\u0131 ama &#8220;baz\u0131&#8221; k\u0131s\u0131mlar\u0131 herkes\u00e7e okunabilen ki\u015fisel karalama defterim, &#8220;Blog&#8221; tabiri \u00e7\u0131kmadan [&hellip;]<\/p>\n","protected":false},"author":1,"featured_media":0,"parent":0,"menu_order":0,"comment_status":"open","ping_status":"open","template":"","meta":{"footnotes":""},"class_list":["post-2","page","type-page","status-publish","hentry"],"_links":{"self":[{"href":"https:\/\/www.shukko.com\/x3\/wp-json\/wp\/v2\/pages\/2","targetHints":{"allow":["GET"]}}],"collection":[{"href":"https:\/\/www.shukko.com\/x3\/wp-json\/wp\/v2\/pages"}],"about":[{"href":"https:\/\/www.shukko.com\/x3\/wp-json\/wp\/v2\/types\/page"}],"author":[{"embeddable":true,"href":"https:\/\/www.shukko.com\/x3\/wp-json\/wp\/v2\/users\/1"}],"replies":[{"embeddable":true,"href":"https:\/\/www.shukko.com\/x3\/wp-json\/wp\/v2\/comments?post=2"}],"version-history":[{"count":1,"href":"https:\/\/www.shukko.com\/x3\/wp-json\/wp\/v2\/pages\/2\/revisions"}],"predecessor-version":[{"id":972,"href":"https:\/\/www.shukko.com\/x3\/wp-json\/wp\/v2\/pages\/2\/revisions\/972"}],"wp:attachment":[{"href":"https:\/\/www.shukko.com\/x3\/wp-json\/wp\/v2\/media?parent=2"}],"curies":[{"name":"wp","href":"https:\/\/api.w.org\/{rel}","templated":true}]}}